{"id":576,"date":"2016-02-24T11:01:56","date_gmt":"2016-02-24T10:01:56","guid":{"rendered":"http:\/\/www.traitex.be\/en\/vie-privee\/"},"modified":"2016-07-05T13:48:17","modified_gmt":"2016-07-05T12:48:17","slug":"vie-privee","status":"publish","type":"page","link":"https:\/\/www.traitex.be\/en\/vie-privee\/","title":{"rendered":"Private life"},"content":{"rendered":"<p><strong>Protection de la vie priv\u00e9e<\/strong><\/p>\n<p>Traitex est soucieuse du respect de votre vie priv\u00e9e lors de vos visites sur son site web et a conscience de l&#8217;importance que vous y attachez. Nous mettons d\u00e8s lors tout en oeuvre afin de respecter votre vie priv\u00e9e dans le cadre de votre utilisation de ce site web.<\/p>\n<p><b><strong>Collecte et utilisation de donn\u00e9es \u00e0 caract\u00e8re personnel<\/strong><\/b><\/p>\n<p>Le pr\u00e9sent site web de Traitex rassemble des donn\u00e9es personnelles pr\u00e9sentes en diff\u00e9rents lieux. Cette situation peut survenir via des formulaires \u00e9lectroniques que vous devez remplir lorsque vous commandez un produit ou un service, lorsque vous vous abonnez \u00e0\u00a0un bulletin d&#8217;information, que vous demandez des informations ou participez \u00e0\u00a0une enqu\u00e8te ou un concours. De telles donn\u00e9es peuvent \u00e9galement \u00eatre rassembl\u00e9es lorsque vous faites appel \u00e0\u00a0un service propos\u00e9 via le site web.<br \/>\nLes donn\u00e9es \u00e0\u00a0caract\u00e8re personnel communiqu\u00e9es par vos soins via ces canaux sont conserv\u00e9es dans les fichiers de Traitex. Elles sont utilis\u00e9es pour vous fournir le service ou les informations demand\u00e9s, pour am\u00e9liorer la qualit\u00e9\u00a0des services et pour vous informer sur d&#8217;autres produits, services et offres de Traitex. Les donn\u00e9es recueillies peuvent \u00eatre combin\u00e9es \u00e0\u00a0des donn\u00e9es relatives \u00e0\u00a0l&#8217;utilisation que vous faites d&#8217;autres services de Traitex, afin de nous permettre de vous proposer des offres r\u00e9pondant mieux \u00e0\u00a0vos besoins.<br \/>\nSi vous ne souhaitez pas obtenir d&#8217;informations concernant les produits et services de Traitex, vous trouverez, au bas du pr\u00e9sent document, les actions \u00e0\u00a0entreprendre afin de nous communiquer votre choix en mati\u00e8re de protection de la vie priv\u00e9e.<br \/>\nVous disposez d&#8217;un droit d&#8217;acc\u00e8s et de rectification en ce qui concerne ces donn\u00e9es. En vertu de ce droit, vous pouvez adresser une requ\u00eate dat\u00e9e et sign\u00e9e, accompagn\u00e9e d&#8217;une photocopie de votre carte d&#8217;identit\u00e9, \u00e0\u00a0Traitex, \u00e0\u00a0l&#8217;adresse susmentionn\u00e9e.<\/p>\n<p>Si vos donn\u00e9es \u00e0\u00a0caract\u00e8re personnel doivent \u00eatre modifi\u00e9es, nous vous invitons \u00e0\u00a0introduire une demande de modification via notre site web.\u00a0Sur la base de votre demande, nous adapterons vos donn\u00e9es dans les plus brefs d\u00e9lais, conform\u00e9ment aux informations que vous nous transmettrez.<\/p>\n","protected":false},"excerpt":{"rendered":"<p>Protection de la vie priv\u00e9e Traitex est soucieuse du respect de votre vie priv\u00e9e lors de vos visites sur son site web et a conscience de l&#8217;importance que vous y attachez. Nous mettons d\u00e8s lors tout en oeuvre afin de respecter votre vie priv\u00e9e dans le cadre de votre utilisation de ce site web. Collecte [&hellip;]<\/p>\n","protected":false},"author":1,"featured_media":0,"parent":0,"menu_order":0,"comment_status":"closed","ping_status":"closed","template":"","meta":[],"acf":[],"yoast_head":"<!-- This site is optimized with the Yoast SEO plugin v19.1 - https:\/\/yoast.com\/wordpress\/plugins\/seo\/ -->\n<title>Private life - Traitex<\/title>\n<meta name=\"robots\" content=\"index, follow, max-snippet:-1, max-image-preview:large, max-video-preview:-1\" \/>\n<link rel=\"canonical\" href=\"https:\/\/www.traitex.be\/en\/vie-privee\/\" \/>\n<meta property=\"og:locale\" content=\"en_US\" \/>\n<meta property=\"og:type\" content=\"article\" \/>\n<meta property=\"og:title\" content=\"Private life - Traitex\" \/>\n<meta property=\"og:description\" content=\"Protection de la vie priv\u00e9e Traitex est soucieuse du respect de votre vie priv\u00e9e lors de vos visites sur son site web et a conscience de l&#8217;importance que vous y attachez. Nous mettons d\u00e8s lors tout en oeuvre afin de respecter votre vie priv\u00e9e dans le cadre de votre utilisation de ce site web. Collecte [&hellip;]\" \/>\n<meta property=\"og:url\" content=\"https:\/\/www.traitex.be\/en\/vie-privee\/\" \/>\n<meta property=\"og:site_name\" content=\"Traitex\" \/>\n<meta property=\"article:modified_time\" content=\"2016-07-05T12:48:17+00:00\" \/>\n<meta name=\"twitter:card\" content=\"summary\" \/>\n<meta name=\"twitter:label1\" content=\"Est. reading time\" \/>\n\t<meta name=\"twitter:data1\" content=\"2 minutes\" \/>\n<script type=\"application\/ld+json\" class=\"yoast-schema-graph\">{\"@context\":\"https:\/\/schema.org\",\"@graph\":[{\"@type\":\"Organization\",\"@id\":\"https:\/\/www.traitex.be\/#organization\",\"name\":\"Traitex\",\"url\":\"https:\/\/www.traitex.be\/\",\"sameAs\":[],\"logo\":{\"@type\":\"ImageObject\",\"inLanguage\":\"en-US\",\"@id\":\"https:\/\/www.traitex.be\/#\/schema\/logo\/image\/\",\"url\":\"https:\/\/traitex-website-v1.s3.nl-ams.scw.cloud\/uploads\/2016\/03\/main-image.jpg\",\"contentUrl\":\"https:\/\/traitex-website-v1.s3.nl-ams.scw.cloud\/uploads\/2016\/03\/main-image.jpg\",\"width\":600,\"height\":175,\"caption\":\"Traitex\"},\"image\":{\"@id\":\"https:\/\/www.traitex.be\/#\/schema\/logo\/image\/\"}},{\"@type\":\"WebSite\",\"@id\":\"https:\/\/www.traitex.be\/#website\",\"url\":\"https:\/\/www.traitex.be\/\",\"name\":\"Traitex\",\"description\":\"\",\"publisher\":{\"@id\":\"https:\/\/www.traitex.be\/#organization\"},\"potentialAction\":[{\"@type\":\"SearchAction\",\"target\":{\"@type\":\"EntryPoint\",\"urlTemplate\":\"https:\/\/www.traitex.be\/?s={search_term_string}\"},\"query-input\":\"required name=search_term_string\"}],\"inLanguage\":\"en-US\"},{\"@type\":\"WebPage\",\"@id\":\"https:\/\/www.traitex.be\/en\/vie-privee\/#webpage\",\"url\":\"https:\/\/www.traitex.be\/en\/vie-privee\/\",\"name\":\"Private life - Traitex\",\"isPartOf\":{\"@id\":\"https:\/\/www.traitex.be\/#website\"},\"datePublished\":\"2016-02-24T10:01:56+00:00\",\"dateModified\":\"2016-07-05T12:48:17+00:00\",\"breadcrumb\":{\"@id\":\"https:\/\/www.traitex.be\/en\/vie-privee\/#breadcrumb\"},\"inLanguage\":\"en-US\",\"potentialAction\":[{\"@type\":\"ReadAction\",\"target\":[\"https:\/\/www.traitex.be\/en\/vie-privee\/\"]}]},{\"@type\":\"BreadcrumbList\",\"@id\":\"https:\/\/www.traitex.be\/en\/vie-privee\/#breadcrumb\",\"itemListElement\":[{\"@type\":\"ListItem\",\"position\":1,\"name\":\"Accueil\",\"item\":\"https:\/\/www.traitex.be\/en\/\"},{\"@type\":\"ListItem\",\"position\":2,\"name\":\"Private life\"}]}]}<\/script>\n<!-- \/ Yoast SEO plugin. -->","yoast_head_json":{"title":"Private life - Traitex","robots":{"index":"index","follow":"follow","max-snippet":"max-snippet:-1","max-image-preview":"max-image-preview:large","max-video-preview":"max-video-preview:-1"},"canonical":"https:\/\/www.traitex.be\/en\/vie-privee\/","og_locale":"en_US","og_type":"article","og_title":"Private life - Traitex","og_description":"Protection de la vie priv\u00e9e Traitex est soucieuse du respect de votre vie priv\u00e9e lors de vos visites sur son site web et a conscience de l&#8217;importance que vous y attachez. Nous mettons d\u00e8s lors tout en oeuvre afin de respecter votre vie priv\u00e9e dans le cadre de votre utilisation de ce site web. Collecte [&hellip;]","og_url":"https:\/\/www.traitex.be\/en\/vie-privee\/","og_site_name":"Traitex","article_modified_time":"2016-07-05T12:48:17+00:00","twitter_card":"summary","twitter_misc":{"Est. reading time":"2 minutes"},"schema":{"@context":"https:\/\/schema.org","@graph":[{"@type":"Organization","@id":"https:\/\/www.traitex.be\/#organization","name":"Traitex","url":"https:\/\/www.traitex.be\/","sameAs":[],"logo":{"@type":"ImageObject","inLanguage":"en-US","@id":"https:\/\/www.traitex.be\/#\/schema\/logo\/image\/","url":"https:\/\/traitex-website-v1.s3.nl-ams.scw.cloud\/uploads\/2016\/03\/main-image.jpg","contentUrl":"https:\/\/traitex-website-v1.s3.nl-ams.scw.cloud\/uploads\/2016\/03\/main-image.jpg","width":600,"height":175,"caption":"Traitex"},"image":{"@id":"https:\/\/www.traitex.be\/#\/schema\/logo\/image\/"}},{"@type":"WebSite","@id":"https:\/\/www.traitex.be\/#website","url":"https:\/\/www.traitex.be\/","name":"Traitex","description":"","publisher":{"@id":"https:\/\/www.traitex.be\/#organization"},"potentialAction":[{"@type":"SearchAction","target":{"@type":"EntryPoint","urlTemplate":"https:\/\/www.traitex.be\/?s={search_term_string}"},"query-input":"required name=search_term_string"}],"inLanguage":"en-US"},{"@type":"WebPage","@id":"https:\/\/www.traitex.be\/en\/vie-privee\/#webpage","url":"https:\/\/www.traitex.be\/en\/vie-privee\/","name":"Private life - Traitex","isPartOf":{"@id":"https:\/\/www.traitex.be\/#website"},"datePublished":"2016-02-24T10:01:56+00:00","dateModified":"2016-07-05T12:48:17+00:00","breadcrumb":{"@id":"https:\/\/www.traitex.be\/en\/vie-privee\/#breadcrumb"},"inLanguage":"en-US","potentialAction":[{"@type":"ReadAction","target":["https:\/\/www.traitex.be\/en\/vie-privee\/"]}]},{"@type":"BreadcrumbList","@id":"https:\/\/www.traitex.be\/en\/vie-privee\/#breadcrumb","itemListElement":[{"@type":"ListItem","position":1,"name":"Accueil","item":"https:\/\/www.traitex.be\/en\/"},{"@type":"ListItem","position":2,"name":"Private life"}]}]}},"_links":{"self":[{"href":"https:\/\/www.traitex.be\/en\/wp-json\/wp\/v2\/pages\/576"}],"collection":[{"href":"https:\/\/www.traitex.be\/en\/wp-json\/wp\/v2\/pages"}],"about":[{"href":"https:\/\/www.traitex.be\/en\/wp-json\/wp\/v2\/types\/page"}],"author":[{"embeddable":true,"href":"https:\/\/www.traitex.be\/en\/wp-json\/wp\/v2\/users\/1"}],"replies":[{"embeddable":true,"href":"https:\/\/www.traitex.be\/en\/wp-json\/wp\/v2\/comments?post=576"}],"version-history":[{"count":2,"href":"https:\/\/www.traitex.be\/en\/wp-json\/wp\/v2\/pages\/576\/revisions"}],"predecessor-version":[{"id":641,"href":"https:\/\/www.traitex.be\/en\/wp-json\/wp\/v2\/pages\/576\/revisions\/641"}],"wp:attachment":[{"href":"https:\/\/www.traitex.be\/en\/wp-json\/wp\/v2\/media?parent=576"}],"curies":[{"name":"wp","href":"https:\/\/api.w.org\/{rel}","templated":true}]}}