{"id":447,"date":"2015-11-19T15:34:58","date_gmt":"2015-11-19T14:34:58","guid":{"rendered":"http:\/\/www.traitex.be\/de\/?page_id=447"},"modified":"2016-07-11T10:13:19","modified_gmt":"2016-07-11T09:13:19","slug":"das-kaschmir","status":"publish","type":"page","link":"https:\/\/www.traitex.be\/de\/das-kaschmir\/","title":{"rendered":"Das Kaschmir"},"content":{"rendered":"<p>Le cachemire est une fibre issue de la ch\u00e8vre vivant en altitude. Il existe 15 vari\u00e9t\u00e9s de ch\u00e8vres du Cachemire dont les meilleures sont originaires des hauts plateaux himalayens du Lasdakh et du Tibet. Seules 4 r\u00e9gions dans le monde produisent le cachemire. Par ordre d\u2019importance, ce sont la Mongolie, la Chine, l\u2019Afghanistan et l\u2019Iran.<\/p>\n<p>Afin de se prot\u00e9ger du grand froid, la ch\u00e8vre d\u00e9veloppe une \u00e9paisse toison laineuse avec un long poil externe assez jarreux et un sous poli tr\u00e8s fin(15-20\u00b5). Avant le lavage, le poil est \u00e9jarr\u00e9 \u00e0 la main, op\u00e9ration qui consiste \u00e0 s\u00e9parer manuellement les longues fibres jarreuses du sous poil. Intervient alors le lavage de la fibre : la fibre lav\u00e9e est ensuite trait\u00e9e m\u00e9caniquement pour en s\u00e9parer les jarres et le sous poils. Le sous poil par sa douceur et finesse repr\u00e9sente la vraie valeur du cachemire.<\/p>\n<p>La production mondiale est d\u2019environ 20.000 tonnes<\/p>\n","protected":false},"excerpt":{"rendered":"<p>Le cachemire est une fibre issue de la ch\u00e8vre vivant en altitude. Il existe 15 vari\u00e9t\u00e9s de ch\u00e8vres du Cachemire dont les meilleures sont originaires des hauts plateaux himalayens du Lasdakh et du Tibet. Seules 4 r\u00e9gions dans le monde produisent le cachemire. Par ordre d\u2019importance, ce sont la Mongolie, la Chine, l\u2019Afghanistan et l\u2019Iran. [&hellip;]<\/p>\n","protected":false},"author":1,"featured_media":0,"parent":0,"menu_order":0,"comment_status":"closed","ping_status":"closed","template":"laine-cachemire.php","meta":[],"acf":[],"yoast_head":"<!-- This site is optimized with the Yoast SEO plugin v19.1 - https:\/\/yoast.com\/wordpress\/plugins\/seo\/ -->\n<title>Das Kaschmir - Traitex<\/title>\n<meta name=\"robots\" content=\"index, follow, max-snippet:-1, max-image-preview:large, max-video-preview:-1\" \/>\n<link rel=\"canonical\" href=\"https:\/\/www.traitex.be\/de\/das-kaschmir\/\" \/>\n<meta property=\"og:locale\" content=\"de_DE\" \/>\n<meta property=\"og:type\" content=\"article\" \/>\n<meta property=\"og:title\" content=\"Das Kaschmir - Traitex\" \/>\n<meta property=\"og:description\" content=\"Le cachemire est une fibre issue de la ch\u00e8vre vivant en altitude. Il existe 15 vari\u00e9t\u00e9s de ch\u00e8vres du Cachemire dont les meilleures sont originaires des hauts plateaux himalayens du Lasdakh et du Tibet. Seules 4 r\u00e9gions dans le monde produisent le cachemire. Par ordre d\u2019importance, ce sont la Mongolie, la Chine, l\u2019Afghanistan et l\u2019Iran. [&hellip;]\" \/>\n<meta property=\"og:url\" content=\"https:\/\/www.traitex.be\/de\/das-kaschmir\/\" \/>\n<meta property=\"og:site_name\" content=\"Traitex\" \/>\n<meta property=\"article:modified_time\" content=\"2016-07-11T09:13:19+00:00\" \/>\n<meta name=\"twitter:card\" content=\"summary\" \/>\n<meta name=\"twitter:label1\" content=\"Est. reading time\" \/>\n\t<meta name=\"twitter:data1\" content=\"1 minute\" \/>\n<script type=\"application\/ld+json\" class=\"yoast-schema-graph\">{\"@context\":\"https:\/\/schema.org\",\"@graph\":[{\"@type\":\"Organization\",\"@id\":\"https:\/\/www.traitex.be\/#organization\",\"name\":\"Traitex\",\"url\":\"https:\/\/www.traitex.be\/\",\"sameAs\":[],\"logo\":{\"@type\":\"ImageObject\",\"inLanguage\":\"de-DE\",\"@id\":\"https:\/\/www.traitex.be\/#\/schema\/logo\/image\/\",\"url\":\"https:\/\/traitex-website-v1.s3.nl-ams.scw.cloud\/uploads\/2016\/03\/main-image.jpg\",\"contentUrl\":\"https:\/\/traitex-website-v1.s3.nl-ams.scw.cloud\/uploads\/2016\/03\/main-image.jpg\",\"width\":600,\"height\":175,\"caption\":\"Traitex\"},\"image\":{\"@id\":\"https:\/\/www.traitex.be\/#\/schema\/logo\/image\/\"}},{\"@type\":\"WebSite\",\"@id\":\"https:\/\/www.traitex.be\/#website\",\"url\":\"https:\/\/www.traitex.be\/\",\"name\":\"Traitex\",\"description\":\"\",\"publisher\":{\"@id\":\"https:\/\/www.traitex.be\/#organization\"},\"potentialAction\":[{\"@type\":\"SearchAction\",\"target\":{\"@type\":\"EntryPoint\",\"urlTemplate\":\"https:\/\/www.traitex.be\/?s={search_term_string}\"},\"query-input\":\"required name=search_term_string\"}],\"inLanguage\":\"de-DE\"},{\"@type\":\"WebPage\",\"@id\":\"https:\/\/www.traitex.be\/de\/das-kaschmir\/#webpage\",\"url\":\"https:\/\/www.traitex.be\/de\/das-kaschmir\/\",\"name\":\"Das Kaschmir - Traitex\",\"isPartOf\":{\"@id\":\"https:\/\/www.traitex.be\/#website\"},\"datePublished\":\"2015-11-19T14:34:58+00:00\",\"dateModified\":\"2016-07-11T09:13:19+00:00\",\"breadcrumb\":{\"@id\":\"https:\/\/www.traitex.be\/de\/das-kaschmir\/#breadcrumb\"},\"inLanguage\":\"de-DE\",\"potentialAction\":[{\"@type\":\"ReadAction\",\"target\":[\"https:\/\/www.traitex.be\/de\/das-kaschmir\/\"]}]},{\"@type\":\"BreadcrumbList\",\"@id\":\"https:\/\/www.traitex.be\/de\/das-kaschmir\/#breadcrumb\",\"itemListElement\":[{\"@type\":\"ListItem\",\"position\":1,\"name\":\"Accueil\",\"item\":\"https:\/\/www.traitex.be\/de\/\"},{\"@type\":\"ListItem\",\"position\":2,\"name\":\"Das Kaschmir\"}]}]}<\/script>\n<!-- \/ Yoast SEO plugin. -->","yoast_head_json":{"title":"Das Kaschmir - Traitex","robots":{"index":"index","follow":"follow","max-snippet":"max-snippet:-1","max-image-preview":"max-image-preview:large","max-video-preview":"max-video-preview:-1"},"canonical":"https:\/\/www.traitex.be\/de\/das-kaschmir\/","og_locale":"de_DE","og_type":"article","og_title":"Das Kaschmir - Traitex","og_description":"Le cachemire est une fibre issue de la ch\u00e8vre vivant en altitude. Il existe 15 vari\u00e9t\u00e9s de ch\u00e8vres du Cachemire dont les meilleures sont originaires des hauts plateaux himalayens du Lasdakh et du Tibet. Seules 4 r\u00e9gions dans le monde produisent le cachemire. Par ordre d\u2019importance, ce sont la Mongolie, la Chine, l\u2019Afghanistan et l\u2019Iran. [&hellip;]","og_url":"https:\/\/www.traitex.be\/de\/das-kaschmir\/","og_site_name":"Traitex","article_modified_time":"2016-07-11T09:13:19+00:00","twitter_card":"summary","twitter_misc":{"Est. reading time":"1 minute"},"schema":{"@context":"https:\/\/schema.org","@graph":[{"@type":"Organization","@id":"https:\/\/www.traitex.be\/#organization","name":"Traitex","url":"https:\/\/www.traitex.be\/","sameAs":[],"logo":{"@type":"ImageObject","inLanguage":"de-DE","@id":"https:\/\/www.traitex.be\/#\/schema\/logo\/image\/","url":"https:\/\/traitex-website-v1.s3.nl-ams.scw.cloud\/uploads\/2016\/03\/main-image.jpg","contentUrl":"https:\/\/traitex-website-v1.s3.nl-ams.scw.cloud\/uploads\/2016\/03\/main-image.jpg","width":600,"height":175,"caption":"Traitex"},"image":{"@id":"https:\/\/www.traitex.be\/#\/schema\/logo\/image\/"}},{"@type":"WebSite","@id":"https:\/\/www.traitex.be\/#website","url":"https:\/\/www.traitex.be\/","name":"Traitex","description":"","publisher":{"@id":"https:\/\/www.traitex.be\/#organization"},"potentialAction":[{"@type":"SearchAction","target":{"@type":"EntryPoint","urlTemplate":"https:\/\/www.traitex.be\/?s={search_term_string}"},"query-input":"required name=search_term_string"}],"inLanguage":"de-DE"},{"@type":"WebPage","@id":"https:\/\/www.traitex.be\/de\/das-kaschmir\/#webpage","url":"https:\/\/www.traitex.be\/de\/das-kaschmir\/","name":"Das Kaschmir - Traitex","isPartOf":{"@id":"https:\/\/www.traitex.be\/#website"},"datePublished":"2015-11-19T14:34:58+00:00","dateModified":"2016-07-11T09:13:19+00:00","breadcrumb":{"@id":"https:\/\/www.traitex.be\/de\/das-kaschmir\/#breadcrumb"},"inLanguage":"de-DE","potentialAction":[{"@type":"ReadAction","target":["https:\/\/www.traitex.be\/de\/das-kaschmir\/"]}]},{"@type":"BreadcrumbList","@id":"https:\/\/www.traitex.be\/de\/das-kaschmir\/#breadcrumb","itemListElement":[{"@type":"ListItem","position":1,"name":"Accueil","item":"https:\/\/www.traitex.be\/de\/"},{"@type":"ListItem","position":2,"name":"Das Kaschmir"}]}]}},"_links":{"self":[{"href":"https:\/\/www.traitex.be\/de\/wp-json\/wp\/v2\/pages\/447"}],"collection":[{"href":"https:\/\/www.traitex.be\/de\/wp-json\/wp\/v2\/pages"}],"about":[{"href":"https:\/\/www.traitex.be\/de\/wp-json\/wp\/v2\/types\/page"}],"author":[{"embeddable":true,"href":"https:\/\/www.traitex.be\/de\/wp-json\/wp\/v2\/users\/1"}],"replies":[{"embeddable":true,"href":"https:\/\/www.traitex.be\/de\/wp-json\/wp\/v2\/comments?post=447"}],"version-history":[{"count":6,"href":"https:\/\/www.traitex.be\/de\/wp-json\/wp\/v2\/pages\/447\/revisions"}],"predecessor-version":[{"id":663,"href":"https:\/\/www.traitex.be\/de\/wp-json\/wp\/v2\/pages\/447\/revisions\/663"}],"wp:attachment":[{"href":"https:\/\/www.traitex.be\/de\/wp-json\/wp\/v2\/media?parent=447"}],"curies":[{"name":"wp","href":"https:\/\/api.w.org\/{rel}","templated":true}]}}