{"id":439,"date":"2016-05-19T08:48:09","date_gmt":"2016-05-19T07:48:09","guid":{"rendered":"http:\/\/www.traitex.be\/de\/?page_id=439"},"modified":"2016-07-11T10:16:09","modified_gmt":"2016-07-11T09:16:09","slug":"traitex","status":"publish","type":"page","link":"https:\/\/www.traitex.be\/de\/","title":{"rendered":"Traitex"},"content":{"rendered":"<div data-canvas-width=\"836.8224494929834\">Traitex ist eine Familiengesellschaft und hat Ihren Sitz in Verviers. Sie hat einen guten internationalen Ruf und bietet Ihnen das Waschen und das Karbonisieren Ihrer Wolle an. Traitex w\u00e4scht auch Kaschmir und andere tierische Fasern. Durch seine Qualit\u00e4tsarbeit und seine hundertj\u00e4hrige Erfahrung bringt Ihnen Traitex die besten L\u00f6sungen f\u00fcr die Behandlungen Ihrer Rohstoffe auf umweltfreundliche Weise. Wir sind auch Gots und \u00d6kotex zertifiziert.<\/div>\n","protected":false},"excerpt":{"rendered":"<p>Traitex ist eine Familiengesellschaft und hat Ihren Sitz in Verviers. Sie hat einen guten internationalen Ruf und bietet Ihnen das Waschen und das Karbonisieren Ihrer Wolle an. Traitex w\u00e4scht auch Kaschmir und andere tierische Fasern. Durch seine Qualit\u00e4tsarbeit und seine hundertj\u00e4hrige Erfahrung bringt Ihnen Traitex die besten L\u00f6sungen f\u00fcr die Behandlungen Ihrer Rohstoffe auf umweltfreundliche [&hellip;]<\/p>\n","protected":false},"author":1,"featured_media":0,"parent":0,"menu_order":0,"comment_status":"closed","ping_status":"closed","template":"homepage.php","meta":[],"acf":[],"yoast_head":"<!-- This site is optimized with the Yoast SEO plugin v19.1 - https:\/\/yoast.com\/wordpress\/plugins\/seo\/ -->\n<title>Unternehmen f\u00fcr Behandlung von Textilrohstoffen - Traitex<\/title>\n<meta name=\"description\" content=\"Traitex hat eine Erfahrung von mehr als 120 Jahren. Wir waschen und karbonisieren Schafwolle und andere tierische Fasern.\" \/>\n<meta name=\"robots\" content=\"index, follow, max-snippet:-1, max-image-preview:large, max-video-preview:-1\" \/>\n<link rel=\"canonical\" href=\"https:\/\/www.traitex.be\/de\/\" \/>\n<meta property=\"og:locale\" content=\"de_DE\" \/>\n<meta property=\"og:type\" content=\"article\" \/>\n<meta property=\"og:title\" content=\"Unternehmen f\u00fcr Behandlung von Textilrohstoffen - Traitex\" \/>\n<meta property=\"og:description\" content=\"Traitex hat eine Erfahrung von mehr als 120 Jahren. Wir waschen und karbonisieren Schafwolle und andere tierische Fasern.\" \/>\n<meta property=\"og:url\" content=\"https:\/\/www.traitex.be\/de\/\" \/>\n<meta property=\"og:site_name\" content=\"Traitex\" \/>\n<meta property=\"article:modified_time\" content=\"2016-07-11T09:16:09+00:00\" \/>\n<meta name=\"twitter:card\" content=\"summary\" \/>\n<script type=\"application\/ld+json\" class=\"yoast-schema-graph\">{\"@context\":\"https:\/\/schema.org\",\"@graph\":[{\"@type\":\"Organization\",\"@id\":\"https:\/\/www.traitex.be\/#organization\",\"name\":\"Traitex\",\"url\":\"https:\/\/www.traitex.be\/\",\"sameAs\":[],\"logo\":{\"@type\":\"ImageObject\",\"inLanguage\":\"de-DE\",\"@id\":\"https:\/\/www.traitex.be\/#\/schema\/logo\/image\/\",\"url\":\"https:\/\/traitex-website-v1.s3.nl-ams.scw.cloud\/uploads\/2016\/03\/main-image.jpg\",\"contentUrl\":\"https:\/\/traitex-website-v1.s3.nl-ams.scw.cloud\/uploads\/2016\/03\/main-image.jpg\",\"width\":600,\"height\":175,\"caption\":\"Traitex\"},\"image\":{\"@id\":\"https:\/\/www.traitex.be\/#\/schema\/logo\/image\/\"}},{\"@type\":\"WebSite\",\"@id\":\"https:\/\/www.traitex.be\/#website\",\"url\":\"https:\/\/www.traitex.be\/\",\"name\":\"Traitex\",\"description\":\"\",\"publisher\":{\"@id\":\"https:\/\/www.traitex.be\/#organization\"},\"potentialAction\":[{\"@type\":\"SearchAction\",\"target\":{\"@type\":\"EntryPoint\",\"urlTemplate\":\"https:\/\/www.traitex.be\/?s={search_term_string}\"},\"query-input\":\"required name=search_term_string\"}],\"inLanguage\":\"de-DE\"},{\"@type\":\"WebPage\",\"@id\":\"https:\/\/www.traitex.be\/de\/#webpage\",\"url\":\"https:\/\/www.traitex.be\/de\/\",\"name\":\"Unternehmen f\u00fcr Behandlung von Textilrohstoffen - Traitex\",\"isPartOf\":{\"@id\":\"https:\/\/www.traitex.be\/#website\"},\"datePublished\":\"2016-05-19T07:48:09+00:00\",\"dateModified\":\"2016-07-11T09:16:09+00:00\",\"description\":\"Traitex hat eine Erfahrung von mehr als 120 Jahren. Wir waschen und karbonisieren Schafwolle und andere tierische Fasern.\",\"breadcrumb\":{\"@id\":\"https:\/\/www.traitex.be\/de\/#breadcrumb\"},\"inLanguage\":\"de-DE\",\"potentialAction\":[{\"@type\":\"ReadAction\",\"target\":[\"https:\/\/www.traitex.be\/de\/\"]}]},{\"@type\":\"BreadcrumbList\",\"@id\":\"https:\/\/www.traitex.be\/de\/#breadcrumb\",\"itemListElement\":[{\"@type\":\"ListItem\",\"position\":1,\"name\":\"Accueil\",\"item\":\"https:\/\/www.traitex.be\/de\/\"},{\"@type\":\"ListItem\",\"position\":2,\"name\":\"Traitex\"}]}]}<\/script>\n<!-- \/ Yoast SEO plugin. -->","yoast_head_json":{"title":"Unternehmen f\u00fcr Behandlung von Textilrohstoffen - Traitex","description":"Traitex hat eine Erfahrung von mehr als 120 Jahren. Wir waschen und karbonisieren Schafwolle und andere tierische Fasern.","robots":{"index":"index","follow":"follow","max-snippet":"max-snippet:-1","max-image-preview":"max-image-preview:large","max-video-preview":"max-video-preview:-1"},"canonical":"https:\/\/www.traitex.be\/de\/","og_locale":"de_DE","og_type":"article","og_title":"Unternehmen f\u00fcr Behandlung von Textilrohstoffen - Traitex","og_description":"Traitex hat eine Erfahrung von mehr als 120 Jahren. Wir waschen und karbonisieren Schafwolle und andere tierische Fasern.","og_url":"https:\/\/www.traitex.be\/de\/","og_site_name":"Traitex","article_modified_time":"2016-07-11T09:16:09+00:00","twitter_card":"summary","schema":{"@context":"https:\/\/schema.org","@graph":[{"@type":"Organization","@id":"https:\/\/www.traitex.be\/#organization","name":"Traitex","url":"https:\/\/www.traitex.be\/","sameAs":[],"logo":{"@type":"ImageObject","inLanguage":"de-DE","@id":"https:\/\/www.traitex.be\/#\/schema\/logo\/image\/","url":"https:\/\/traitex-website-v1.s3.nl-ams.scw.cloud\/uploads\/2016\/03\/main-image.jpg","contentUrl":"https:\/\/traitex-website-v1.s3.nl-ams.scw.cloud\/uploads\/2016\/03\/main-image.jpg","width":600,"height":175,"caption":"Traitex"},"image":{"@id":"https:\/\/www.traitex.be\/#\/schema\/logo\/image\/"}},{"@type":"WebSite","@id":"https:\/\/www.traitex.be\/#website","url":"https:\/\/www.traitex.be\/","name":"Traitex","description":"","publisher":{"@id":"https:\/\/www.traitex.be\/#organization"},"potentialAction":[{"@type":"SearchAction","target":{"@type":"EntryPoint","urlTemplate":"https:\/\/www.traitex.be\/?s={search_term_string}"},"query-input":"required name=search_term_string"}],"inLanguage":"de-DE"},{"@type":"WebPage","@id":"https:\/\/www.traitex.be\/de\/#webpage","url":"https:\/\/www.traitex.be\/de\/","name":"Unternehmen f\u00fcr Behandlung von Textilrohstoffen - Traitex","isPartOf":{"@id":"https:\/\/www.traitex.be\/#website"},"datePublished":"2016-05-19T07:48:09+00:00","dateModified":"2016-07-11T09:16:09+00:00","description":"Traitex hat eine Erfahrung von mehr als 120 Jahren. Wir waschen und karbonisieren Schafwolle und andere tierische Fasern.","breadcrumb":{"@id":"https:\/\/www.traitex.be\/de\/#breadcrumb"},"inLanguage":"de-DE","potentialAction":[{"@type":"ReadAction","target":["https:\/\/www.traitex.be\/de\/"]}]},{"@type":"BreadcrumbList","@id":"https:\/\/www.traitex.be\/de\/#breadcrumb","itemListElement":[{"@type":"ListItem","position":1,"name":"Accueil","item":"https:\/\/www.traitex.be\/de\/"},{"@type":"ListItem","position":2,"name":"Traitex"}]}]}},"_links":{"self":[{"href":"https:\/\/www.traitex.be\/de\/wp-json\/wp\/v2\/pages\/439"}],"collection":[{"href":"https:\/\/www.traitex.be\/de\/wp-json\/wp\/v2\/pages"}],"about":[{"href":"https:\/\/www.traitex.be\/de\/wp-json\/wp\/v2\/types\/page"}],"author":[{"embeddable":true,"href":"https:\/\/www.traitex.be\/de\/wp-json\/wp\/v2\/users\/1"}],"replies":[{"embeddable":true,"href":"https:\/\/www.traitex.be\/de\/wp-json\/wp\/v2\/comments?post=439"}],"version-history":[{"count":9,"href":"https:\/\/www.traitex.be\/de\/wp-json\/wp\/v2\/pages\/439\/revisions"}],"predecessor-version":[{"id":672,"href":"https:\/\/www.traitex.be\/de\/wp-json\/wp\/v2\/pages\/439\/revisions\/672"}],"wp:attachment":[{"href":"https:\/\/www.traitex.be\/de\/wp-json\/wp\/v2\/media?parent=439"}],"curies":[{"name":"wp","href":"https:\/\/api.w.org\/{rel}","templated":true}]}}