{"id":348,"date":"2015-11-19T14:58:29","date_gmt":"2015-11-19T13:58:29","guid":{"rendered":"http:\/\/www.traitex.be\/about\/?lang=de"},"modified":"2016-07-11T10:10:18","modified_gmt":"2016-07-11T09:10:18","slug":"ueber-traitex","status":"publish","type":"page","link":"https:\/\/www.traitex.be\/de\/ueber-traitex\/","title":{"rendered":"\u00dcber Traitex"},"content":{"rendered":"<p>Traitex est l\u2019un des derniers lavoirs et\/ou carbonisage industriels de laine en Europe continentale. Depuis de nombreuses ann\u00e9es, nous nous sommes concentr\u00e9s sur un traitement de qualit\u00e9 de votre fibre ainsi qu\u2019un service de qualit\u00e9 au travers de notre administration. Notre engagement envers l\u2019environnement repr\u00e9sente notre d\u00e9fi majeur. Depuis de nombreuse ann\u00e9es Traitex poss\u00e8de sa propre station de traitement d\u2019eau et depuis peu d\u2019une installation solaire compos\u00e9e de 1000 panneaux photovolta\u00efque afin de fournir en \u00e9lectricit\u00e9 notre station.<\/p>\n","protected":false},"excerpt":{"rendered":"<p>Traitex est l\u2019un des derniers lavoirs et\/ou carbonisage industriels de laine en Europe continentale. Depuis de nombreuses ann\u00e9es, nous nous sommes concentr\u00e9s sur un traitement de qualit\u00e9 de votre fibre ainsi qu\u2019un service de qualit\u00e9 au travers de notre administration. Notre engagement envers l\u2019environnement repr\u00e9sente notre d\u00e9fi majeur. Depuis de nombreuse ann\u00e9es Traitex poss\u00e8de sa [&hellip;]<\/p>\n","protected":false},"author":1,"featured_media":0,"parent":0,"menu_order":0,"comment_status":"closed","ping_status":"closed","template":"about.php","meta":[],"acf":[],"yoast_head":"<!-- This site is optimized with the Yoast SEO plugin v19.1 - https:\/\/yoast.com\/wordpress\/plugins\/seo\/ -->\n<title>\u00dcber Traitex - Traitex<\/title>\n<meta name=\"robots\" content=\"index, follow, max-snippet:-1, max-image-preview:large, max-video-preview:-1\" \/>\n<link rel=\"canonical\" href=\"https:\/\/www.traitex.be\/de\/ueber-traitex\/\" \/>\n<meta property=\"og:locale\" content=\"de_DE\" \/>\n<meta property=\"og:type\" content=\"article\" \/>\n<meta property=\"og:title\" content=\"\u00dcber Traitex - Traitex\" \/>\n<meta property=\"og:description\" content=\"Traitex est l\u2019un des derniers lavoirs et\/ou carbonisage industriels de laine en Europe continentale. Depuis de nombreuses ann\u00e9es, nous nous sommes concentr\u00e9s sur un traitement de qualit\u00e9 de votre fibre ainsi qu\u2019un service de qualit\u00e9 au travers de notre administration. Notre engagement envers l\u2019environnement repr\u00e9sente notre d\u00e9fi majeur. Depuis de nombreuse ann\u00e9es Traitex poss\u00e8de sa [&hellip;]\" \/>\n<meta property=\"og:url\" content=\"https:\/\/www.traitex.be\/de\/ueber-traitex\/\" \/>\n<meta property=\"og:site_name\" content=\"Traitex\" \/>\n<meta property=\"article:modified_time\" content=\"2016-07-11T09:10:18+00:00\" \/>\n<meta name=\"twitter:card\" content=\"summary\" \/>\n<script type=\"application\/ld+json\" class=\"yoast-schema-graph\">{\"@context\":\"https:\/\/schema.org\",\"@graph\":[{\"@type\":\"Organization\",\"@id\":\"https:\/\/www.traitex.be\/#organization\",\"name\":\"Traitex\",\"url\":\"https:\/\/www.traitex.be\/\",\"sameAs\":[],\"logo\":{\"@type\":\"ImageObject\",\"inLanguage\":\"de-DE\",\"@id\":\"https:\/\/www.traitex.be\/#\/schema\/logo\/image\/\",\"url\":\"https:\/\/traitex-website-v1.s3.nl-ams.scw.cloud\/uploads\/2016\/03\/main-image.jpg\",\"contentUrl\":\"https:\/\/traitex-website-v1.s3.nl-ams.scw.cloud\/uploads\/2016\/03\/main-image.jpg\",\"width\":600,\"height\":175,\"caption\":\"Traitex\"},\"image\":{\"@id\":\"https:\/\/www.traitex.be\/#\/schema\/logo\/image\/\"}},{\"@type\":\"WebSite\",\"@id\":\"https:\/\/www.traitex.be\/#website\",\"url\":\"https:\/\/www.traitex.be\/\",\"name\":\"Traitex\",\"description\":\"\",\"publisher\":{\"@id\":\"https:\/\/www.traitex.be\/#organization\"},\"potentialAction\":[{\"@type\":\"SearchAction\",\"target\":{\"@type\":\"EntryPoint\",\"urlTemplate\":\"https:\/\/www.traitex.be\/?s={search_term_string}\"},\"query-input\":\"required name=search_term_string\"}],\"inLanguage\":\"de-DE\"},{\"@type\":\"WebPage\",\"@id\":\"https:\/\/www.traitex.be\/de\/ueber-traitex\/#webpage\",\"url\":\"https:\/\/www.traitex.be\/de\/ueber-traitex\/\",\"name\":\"\u00dcber Traitex - Traitex\",\"isPartOf\":{\"@id\":\"https:\/\/www.traitex.be\/#website\"},\"datePublished\":\"2015-11-19T13:58:29+00:00\",\"dateModified\":\"2016-07-11T09:10:18+00:00\",\"breadcrumb\":{\"@id\":\"https:\/\/www.traitex.be\/de\/ueber-traitex\/#breadcrumb\"},\"inLanguage\":\"de-DE\",\"potentialAction\":[{\"@type\":\"ReadAction\",\"target\":[\"https:\/\/www.traitex.be\/de\/ueber-traitex\/\"]}]},{\"@type\":\"BreadcrumbList\",\"@id\":\"https:\/\/www.traitex.be\/de\/ueber-traitex\/#breadcrumb\",\"itemListElement\":[{\"@type\":\"ListItem\",\"position\":1,\"name\":\"Accueil\",\"item\":\"https:\/\/www.traitex.be\/de\/\"},{\"@type\":\"ListItem\",\"position\":2,\"name\":\"\u00dcber Traitex\"}]}]}<\/script>\n<!-- \/ Yoast SEO plugin. -->","yoast_head_json":{"title":"\u00dcber Traitex - Traitex","robots":{"index":"index","follow":"follow","max-snippet":"max-snippet:-1","max-image-preview":"max-image-preview:large","max-video-preview":"max-video-preview:-1"},"canonical":"https:\/\/www.traitex.be\/de\/ueber-traitex\/","og_locale":"de_DE","og_type":"article","og_title":"\u00dcber Traitex - Traitex","og_description":"Traitex est l\u2019un des derniers lavoirs et\/ou carbonisage industriels de laine en Europe continentale. Depuis de nombreuses ann\u00e9es, nous nous sommes concentr\u00e9s sur un traitement de qualit\u00e9 de votre fibre ainsi qu\u2019un service de qualit\u00e9 au travers de notre administration. Notre engagement envers l\u2019environnement repr\u00e9sente notre d\u00e9fi majeur. Depuis de nombreuse ann\u00e9es Traitex poss\u00e8de sa [&hellip;]","og_url":"https:\/\/www.traitex.be\/de\/ueber-traitex\/","og_site_name":"Traitex","article_modified_time":"2016-07-11T09:10:18+00:00","twitter_card":"summary","schema":{"@context":"https:\/\/schema.org","@graph":[{"@type":"Organization","@id":"https:\/\/www.traitex.be\/#organization","name":"Traitex","url":"https:\/\/www.traitex.be\/","sameAs":[],"logo":{"@type":"ImageObject","inLanguage":"de-DE","@id":"https:\/\/www.traitex.be\/#\/schema\/logo\/image\/","url":"https:\/\/traitex-website-v1.s3.nl-ams.scw.cloud\/uploads\/2016\/03\/main-image.jpg","contentUrl":"https:\/\/traitex-website-v1.s3.nl-ams.scw.cloud\/uploads\/2016\/03\/main-image.jpg","width":600,"height":175,"caption":"Traitex"},"image":{"@id":"https:\/\/www.traitex.be\/#\/schema\/logo\/image\/"}},{"@type":"WebSite","@id":"https:\/\/www.traitex.be\/#website","url":"https:\/\/www.traitex.be\/","name":"Traitex","description":"","publisher":{"@id":"https:\/\/www.traitex.be\/#organization"},"potentialAction":[{"@type":"SearchAction","target":{"@type":"EntryPoint","urlTemplate":"https:\/\/www.traitex.be\/?s={search_term_string}"},"query-input":"required name=search_term_string"}],"inLanguage":"de-DE"},{"@type":"WebPage","@id":"https:\/\/www.traitex.be\/de\/ueber-traitex\/#webpage","url":"https:\/\/www.traitex.be\/de\/ueber-traitex\/","name":"\u00dcber Traitex - Traitex","isPartOf":{"@id":"https:\/\/www.traitex.be\/#website"},"datePublished":"2015-11-19T13:58:29+00:00","dateModified":"2016-07-11T09:10:18+00:00","breadcrumb":{"@id":"https:\/\/www.traitex.be\/de\/ueber-traitex\/#breadcrumb"},"inLanguage":"de-DE","potentialAction":[{"@type":"ReadAction","target":["https:\/\/www.traitex.be\/de\/ueber-traitex\/"]}]},{"@type":"BreadcrumbList","@id":"https:\/\/www.traitex.be\/de\/ueber-traitex\/#breadcrumb","itemListElement":[{"@type":"ListItem","position":1,"name":"Accueil","item":"https:\/\/www.traitex.be\/de\/"},{"@type":"ListItem","position":2,"name":"\u00dcber Traitex"}]}]}},"_links":{"self":[{"href":"https:\/\/www.traitex.be\/de\/wp-json\/wp\/v2\/pages\/348"}],"collection":[{"href":"https:\/\/www.traitex.be\/de\/wp-json\/wp\/v2\/pages"}],"about":[{"href":"https:\/\/www.traitex.be\/de\/wp-json\/wp\/v2\/types\/page"}],"author":[{"embeddable":true,"href":"https:\/\/www.traitex.be\/de\/wp-json\/wp\/v2\/users\/1"}],"replies":[{"embeddable":true,"href":"https:\/\/www.traitex.be\/de\/wp-json\/wp\/v2\/comments?post=348"}],"version-history":[{"count":12,"href":"https:\/\/www.traitex.be\/de\/wp-json\/wp\/v2\/pages\/348\/revisions"}],"predecessor-version":[{"id":653,"href":"https:\/\/www.traitex.be\/de\/wp-json\/wp\/v2\/pages\/348\/revisions\/653"}],"wp:attachment":[{"href":"https:\/\/www.traitex.be\/de\/wp-json\/wp\/v2\/media?parent=348"}],"curies":[{"name":"wp","href":"https:\/\/api.w.org\/{rel}","templated":true}]}}